{"id":9124,"date":"2017-04-20T08:37:13","date_gmt":"2017-04-20T08:37:13","guid":{"rendered":"https:\/\/kulturbeslag.se\/produkt\/latch-5774-hand-forged\/"},"modified":"2023-03-01T13:06:02","modified_gmt":"2023-03-01T13:06:02","slug":"latch-5774-hand-forged","status":"publish","type":"product","link":"https:\/\/kulturbeslag.se\/en\/produkt\/latch-5774-hand-forged\/","title":{"rendered":"Latch 5774 Hand-forged"},"content":{"rendered":"","protected":false},"excerpt":{"rendered":"<p>17th century to mid-20th century <br \/>Stallet, Wapn\u00f6 herrg\u00e5rd, Vapn\u00f6 s:n N<\/p>\n","protected":false},"featured_media":7771,"template":"","meta":[],"product_brand":[],"product_cat":[740],"product_tag":[],"class_list":{"0":"post-9124","1":"product","2":"type-product","3":"status-publish","4":"has-post-thumbnail","6":"product_cat-other-door-hardware","7":"pa_period-17th-century-to-mid-20th-century","8":"description-off","10":"first","11":"instock","12":"product-type-simple"},"_links":{"self":[{"href":"https:\/\/kulturbeslag.se\/en\/wp-json\/wp\/v2\/product\/9124","targetHints":{"allow":["GET"]}}],"collection":[{"href":"https:\/\/kulturbeslag.se\/en\/wp-json\/wp\/v2\/product"}],"about":[{"href":"https:\/\/kulturbeslag.se\/en\/wp-json\/wp\/v2\/types\/product"}],"wp:featuredmedia":[{"embeddable":true,"href":"https:\/\/kulturbeslag.se\/en\/wp-json\/wp\/v2\/media\/7771"}],"wp:attachment":[{"href":"https:\/\/kulturbeslag.se\/en\/wp-json\/wp\/v2\/media?parent=9124"}],"wp:term":[{"taxonomy":"product_brand","embeddable":true,"href":"https:\/\/kulturbeslag.se\/en\/wp-json\/wp\/v2\/product_brand?post=9124"},{"taxonomy":"product_cat","embeddable":true,"href":"https:\/\/kulturbeslag.se\/en\/wp-json\/wp\/v2\/product_cat?post=9124"},{"taxonomy":"product_tag","embeddable":true,"href":"https:\/\/kulturbeslag.se\/en\/wp-json\/wp\/v2\/product_tag?post=9124"}],"curies":[{"name":"wp","href":"https:\/\/api.w.org\/{rel}","templated":true}]}}