{"id":9085,"date":"2017-04-20T08:34:45","date_gmt":"2017-04-20T08:34:45","guid":{"rendered":"https:\/\/kulturbeslag.se\/produkt\/french-hinge-5084a\/"},"modified":"2023-02-09T10:21:19","modified_gmt":"2023-02-09T10:21:19","slug":"hinge-5084a","status":"publish","type":"product","link":"https:\/\/kulturbeslag.se\/en\/produkt\/hinge-5084a\/","title":{"rendered":"&#8220;French&#8221; hinge 5084\u00c5"},"content":{"rendered":"","protected":false},"excerpt":{"rendered":"<p>18th century<br \/>\n\u00c5rn\u00e4s herrg\u00e5rd, \u00c5rn\u00e4s R<\/p>\n","protected":false},"featured_media":7487,"template":"","meta":[],"product_brand":[],"product_cat":[738],"product_tag":[],"class_list":{"0":"post-9085","1":"product","2":"type-product","3":"status-publish","4":"has-post-thumbnail","6":"product_cat-french-hinges-for-plain-doors-windows-and-kitchen-cupboard-doors","7":"pa_period-18th-century","8":"description-off","10":"first","11":"instock","12":"product-type-simple"},"_links":{"self":[{"href":"https:\/\/kulturbeslag.se\/en\/wp-json\/wp\/v2\/product\/9085","targetHints":{"allow":["GET"]}}],"collection":[{"href":"https:\/\/kulturbeslag.se\/en\/wp-json\/wp\/v2\/product"}],"about":[{"href":"https:\/\/kulturbeslag.se\/en\/wp-json\/wp\/v2\/types\/product"}],"wp:featuredmedia":[{"embeddable":true,"href":"https:\/\/kulturbeslag.se\/en\/wp-json\/wp\/v2\/media\/7487"}],"wp:attachment":[{"href":"https:\/\/kulturbeslag.se\/en\/wp-json\/wp\/v2\/media?parent=9085"}],"wp:term":[{"taxonomy":"product_brand","embeddable":true,"href":"https:\/\/kulturbeslag.se\/en\/wp-json\/wp\/v2\/product_brand?post=9085"},{"taxonomy":"product_cat","embeddable":true,"href":"https:\/\/kulturbeslag.se\/en\/wp-json\/wp\/v2\/product_cat?post=9085"},{"taxonomy":"product_tag","embeddable":true,"href":"https:\/\/kulturbeslag.se\/en\/wp-json\/wp\/v2\/product_tag?post=9085"}],"curies":[{"name":"wp","href":"https:\/\/api.w.org\/{rel}","templated":true}]}}