{"id":8998,"date":"2017-04-20T08:34:54","date_gmt":"2017-04-20T08:34:54","guid":{"rendered":"https:\/\/kulturbeslag.se\/produkt\/intermediate-hinge-5011\/"},"modified":"2025-09-18T07:17:42","modified_gmt":"2025-09-18T07:17:42","slug":"intermediate-hinge-5011","status":"publish","type":"product","link":"https:\/\/kulturbeslag.se\/en\/produkt\/intermediate-hinge-5011\/","title":{"rendered":"Intermediate hinge 5011"},"content":{"rendered":"","protected":false},"excerpt":{"rendered":"<p>The second half of the 19th century<br \/>\nStallet, T\u00e4ckhammars g\u00e5rd, Nyk\u00f6ping D<\/p>\n","protected":false},"featured_media":7426,"template":"","meta":[],"product_brand":[],"product_cat":[763],"product_tag":[],"class_list":{"0":"post-8998","1":"product","2":"type-product","3":"status-publish","4":"has-post-thumbnail","6":"product_cat-surface-mounted-hinges-for-windows","7":"pa_period-the-second-half-of-the-19th-century","8":"description-off","10":"first","11":"instock","12":"product-type-simple"},"_links":{"self":[{"href":"https:\/\/kulturbeslag.se\/en\/wp-json\/wp\/v2\/product\/8998","targetHints":{"allow":["GET"]}}],"collection":[{"href":"https:\/\/kulturbeslag.se\/en\/wp-json\/wp\/v2\/product"}],"about":[{"href":"https:\/\/kulturbeslag.se\/en\/wp-json\/wp\/v2\/types\/product"}],"wp:featuredmedia":[{"embeddable":true,"href":"https:\/\/kulturbeslag.se\/en\/wp-json\/wp\/v2\/media\/7426"}],"wp:attachment":[{"href":"https:\/\/kulturbeslag.se\/en\/wp-json\/wp\/v2\/media?parent=8998"}],"wp:term":[{"taxonomy":"product_brand","embeddable":true,"href":"https:\/\/kulturbeslag.se\/en\/wp-json\/wp\/v2\/product_brand?post=8998"},{"taxonomy":"product_cat","embeddable":true,"href":"https:\/\/kulturbeslag.se\/en\/wp-json\/wp\/v2\/product_cat?post=8998"},{"taxonomy":"product_tag","embeddable":true,"href":"https:\/\/kulturbeslag.se\/en\/wp-json\/wp\/v2\/product_tag?post=8998"}],"curies":[{"name":"wp","href":"https:\/\/api.w.org\/{rel}","templated":true}]}}