{"id":8959,"date":"2017-04-20T08:37:04","date_gmt":"2017-04-20T08:37:04","guid":{"rendered":"https:\/\/kulturbeslag.se\/produkt\/spring-5220ff\/"},"modified":"2017-04-20T08:37:04","modified_gmt":"2017-04-20T08:37:04","slug":"spring-5220ff","status":"publish","type":"product","link":"https:\/\/kulturbeslag.se\/en\/produkt\/spring-5220ff\/","title":{"rendered":"Spring 5220FF"},"content":{"rendered":"","protected":false},"excerpt":{"rendered":"<p>about 1920 &#8211; 1970<br \/>\nL\u00e5sbolaget N:o 3K fallfj\u00e4der till deuxbattantl\u00e5s<\/p>\n","protected":false},"featured_media":7609,"template":"","meta":[],"product_brand":[],"product_cat":[755],"product_tag":[],"class_list":{"0":"post-8959","1":"product","2":"type-product","3":"status-publish","4":"has-post-thumbnail","6":"product_cat-locks-and-accessories","7":"pa_period-about-1920-1970","8":"description-off","10":"first","11":"instock","12":"product-type-simple"},"_links":{"self":[{"href":"https:\/\/kulturbeslag.se\/en\/wp-json\/wp\/v2\/product\/8959","targetHints":{"allow":["GET"]}}],"collection":[{"href":"https:\/\/kulturbeslag.se\/en\/wp-json\/wp\/v2\/product"}],"about":[{"href":"https:\/\/kulturbeslag.se\/en\/wp-json\/wp\/v2\/types\/product"}],"wp:featuredmedia":[{"embeddable":true,"href":"https:\/\/kulturbeslag.se\/en\/wp-json\/wp\/v2\/media\/7609"}],"wp:attachment":[{"href":"https:\/\/kulturbeslag.se\/en\/wp-json\/wp\/v2\/media?parent=8959"}],"wp:term":[{"taxonomy":"product_brand","embeddable":true,"href":"https:\/\/kulturbeslag.se\/en\/wp-json\/wp\/v2\/product_brand?post=8959"},{"taxonomy":"product_cat","embeddable":true,"href":"https:\/\/kulturbeslag.se\/en\/wp-json\/wp\/v2\/product_cat?post=8959"},{"taxonomy":"product_tag","embeddable":true,"href":"https:\/\/kulturbeslag.se\/en\/wp-json\/wp\/v2\/product_tag?post=8959"}],"curies":[{"name":"wp","href":"https:\/\/api.w.org\/{rel}","templated":true}]}}