{"id":8954,"date":"2017-04-20T08:36:44","date_gmt":"2017-04-20T08:36:44","guid":{"rendered":"https:\/\/kulturbeslag.se\/produkt\/pull-handle-5749-hand-forged\/"},"modified":"2023-01-12T08:30:46","modified_gmt":"2023-01-12T08:30:46","slug":"pull-handle-5749-hand-forged","status":"publish","type":"product","link":"https:\/\/kulturbeslag.se\/en\/produkt\/pull-handle-5749-hand-forged\/","title":{"rendered":"Pull handle 5749 Hand-forged"},"content":{"rendered":"","protected":false},"excerpt":{"rendered":"<p>Late 17th century to early 20th century<br \/>\nG\u00e5rden Grindaberg, Lindesby, J\u00e4rnbo\u00e5s T<\/p>\n","protected":false},"featured_media":7761,"template":"","meta":[],"product_brand":[],"product_cat":[739],"product_tag":[],"class_list":{"0":"post-8954","1":"product","2":"type-product","3":"status-publish","4":"has-post-thumbnail","6":"product_cat-pull-handles-and-door-knobs","7":"pa_period-late-17th-century-to-early-20th-century","8":"description-off","10":"first","11":"instock","12":"product-type-simple"},"_links":{"self":[{"href":"https:\/\/kulturbeslag.se\/en\/wp-json\/wp\/v2\/product\/8954","targetHints":{"allow":["GET"]}}],"collection":[{"href":"https:\/\/kulturbeslag.se\/en\/wp-json\/wp\/v2\/product"}],"about":[{"href":"https:\/\/kulturbeslag.se\/en\/wp-json\/wp\/v2\/types\/product"}],"wp:featuredmedia":[{"embeddable":true,"href":"https:\/\/kulturbeslag.se\/en\/wp-json\/wp\/v2\/media\/7761"}],"wp:attachment":[{"href":"https:\/\/kulturbeslag.se\/en\/wp-json\/wp\/v2\/media?parent=8954"}],"wp:term":[{"taxonomy":"product_brand","embeddable":true,"href":"https:\/\/kulturbeslag.se\/en\/wp-json\/wp\/v2\/product_brand?post=8954"},{"taxonomy":"product_cat","embeddable":true,"href":"https:\/\/kulturbeslag.se\/en\/wp-json\/wp\/v2\/product_cat?post=8954"},{"taxonomy":"product_tag","embeddable":true,"href":"https:\/\/kulturbeslag.se\/en\/wp-json\/wp\/v2\/product_tag?post=8954"}],"curies":[{"name":"wp","href":"https:\/\/api.w.org\/{rel}","templated":true}]}}